{"id":14,"date":"2023-04-14T00:58:32","date_gmt":"2023-04-13T22:58:32","guid":{"rendered":"https:\/\/nowoczesneokna.info\/?page_id=14"},"modified":"2024-01-29T14:52:08","modified_gmt":"2024-01-29T13:52:08","slug":"regulamin","status":"publish","type":"page","link":"https:\/\/nowoczesneokna.info\/index.php\/regulamin\/","title":{"rendered":"Regulamin"},"content":{"rendered":"\n<h1 class=\"wp-block-heading\">REGULAMIN NEWSLETTERA<\/h1>\n\n\n\n<h2 class=\"wp-block-heading\">1.&nbsp;&nbsp;&nbsp;&nbsp;&nbsp;&nbsp;&nbsp;&nbsp; Postanowienia wst\u0119pne<\/h2>\n\n\n\n<ol class=\"wp-block-list\">\n<li>Us\u0142uga newslettera polega na dostarczaniu zapisanym u\u017cytkownikom (dalej jako: \u201e<strong>U\u017cytkownicy<\/strong>\u201d), za po\u015brednictwem wiadomo\u015bci e-mail, na adres U\u017cytkownika podany w ramach procedury rejestracji, bie\u017c\u0105cych informacji o oferowanych przez Ma\u0142gorzata Sarnowska produktach i us\u0142ugach (dalej jako:<\/li>\n<\/ol>\n\n\n\n<p>\u201e<strong>Newsletter<\/strong>\u201d).<\/p>\n\n\n\n<ol class=\"wp-block-list\">\n<li>Us\u0142uga \u015bwiadczona jest:<ol><li>przy wykorzystaniu strony internetowej <a href=\"https:\/\/nowoczesneokna.info\">https:\/\/nowoczesneokna.info<\/a> (dalej jako: \u201e<strong>Strona Internetowa<\/strong>\u201d);<\/li><\/ol><ol><li>nieodp\u0142atnie;<\/li><\/ol><ol><li>przez czas nieoznaczony.<\/li><\/ol>\n<ol class=\"wp-block-list\">\n<li>Us\u0142uga Newslettera \u015bwiadczona jest przez Ma\u0142gorzata Sarnowska z siedzib\u0105 w Kie\u0142pinie &nbsp;przy ul. Cienista 48c, 05-092 Kie\u0142pin, wpisan\u0105 do rejestru przedsi\u0119biorc\u00f3w, NIP 118-135-57-98, REGON 140103651, kontaktowy adres e-mail: <a href=\"mailto:oknalomianki@wp.pl,\">oknalomianki@wp.pl,<\/a> telefon kontaktowy: +48&nbsp;602&nbsp;423 468(dalej jako:<\/li>\n<\/ol>\n<\/li>\n<\/ol>\n\n\n\n<p>\u201e<strong>Administrator<\/strong>\u201d).<\/p>\n\n\n\n<h2 class=\"wp-block-heading\">2.&nbsp;&nbsp;&nbsp;&nbsp;&nbsp;&nbsp;&nbsp;&nbsp; Rejestracja<\/h2>\n\n\n\n<ul class=\"wp-block-list\">\n<li>Rejestracja do us\u0142ugi jest r\u00f3wnoznaczna z akceptacj\u0105 przez U\u017cytkownika niniejszego regulaminu oraz polityki prywatno\u015bci dost\u0119pnej na Stronie Internetowej (dalej jako: \u201e<strong>Polityka Prywatno\u015bci<\/strong>\u201d).<ul><li>Aby dokona\u0107 rejestracji do us\u0142ugi Newslettera nale\u017cy:<ul><li>wype\u0142ni\u0107 formularz rejestracyjny dost\u0119pny na Stronie Internetowej poprzez podanie adresu e-mail U\u017cytkownika;<\/li><\/ul><ul><li>zaakceptowa\u0107 niniejszy Regulamin;<\/li><\/ul><ul><li>zaakceptowa\u0107 Polityk\u0119 Prywatno\u015bci;<\/li><\/ul><ul><li>wyrazi\u0107 zgod\u0119 na otrzymywanie na podany adres e-mail U\u017cytkownika Newslettera jako informacji handlowej w rozumieniu ustawy z dnia 18 lipca 2002 roku o \u015bwiadczeniu us\u0142ug drog\u0105 elektroniczn\u0105 (Dz. U. z 2017 roku, poz. 1219, tekst jednolity);<\/li><\/ul><ul><li>potwierdzi\u0107 wol\u0119 zapisania si\u0119 na Newsletter poprzez klikni\u0119cie w link potwierdzaj\u0105cy przes\u0142any na adres poczty elektronicznej podany przez U\u017cytkownika w formularzu rejestracyjnym.<\/li><\/ul><\/li><\/ul>\n<ul class=\"wp-block-list\">\n<li>Wyra\u017cenie zg\u00f3d dotycz\u0105cych otrzymywania Newslettera jest ca\u0142kowicie dobrowolne \u2013 niemniej jednak jest r\u00f3wnie\u017c konieczne do korzystania z us\u0142ugi<\/li>\n<\/ul>\n<\/li>\n<\/ul>\n\n\n\n<p>Newslettera. Niewyra\u017cenie zgody spowoduje, \u017ce us\u0142uga Newslettera nie b\u0119dzie mog\u0142a by\u0107 \u015bwiadczona.<\/p>\n\n\n\n<ul class=\"wp-block-list\">\n<li>Dokonanie rejestracji do us\u0142ugi Newslettera zgodnie z procedur\u0105 wskazan\u0105 w punkcie 2.3 powy\u017cej powoduje dodanie adresu e-mail U\u017cytkownika do listy<\/li>\n<\/ul>\n\n\n\n<p>e-mailingowej. Adres poczty elektronicznej U\u017cytkownika b\u0119dzie wykorzystywany w celu wysy\u0142ania U\u017cytkownikowi Newsletter\u00f3w.<\/p>\n\n\n\n<ul class=\"wp-block-list\">\n<li>Do korzystania z us\u0142ugi Newslettera konieczne s\u0105:<ul><li>posiadanie odpowiednich urz\u0105dze\u0144: komputer, laptop lub inne urz\u0105dzenie multimedialne wraz z dost\u0119pem do internetu;<\/li><\/ul><ul><li>dost\u0119p do poczty elektronicznej.<\/li><\/ul>\n<ul class=\"wp-block-list\">\n<li>Administrator nie zapewnia urz\u0105dze\u0144, o kt\u00f3rych mowa w punkcie 2.5.1 powy\u017cej, przegl\u0105darek ani dost\u0119pu do internetu.<\/li>\n<\/ul>\n<\/li>\n<\/ul>\n\n\n\n<h2 class=\"wp-block-heading\">3.&nbsp;&nbsp;&nbsp;&nbsp;&nbsp;&nbsp;&nbsp;&nbsp; Korzystanie z us\u0142ugi Newslettera<\/h2>\n\n\n\n<ul class=\"wp-block-list\">\n<li>U\u017cytkownik zobowi\u0105zany jest do podawania prawdziwych danych podczas rejestracji do us\u0142ugi Newslettera oraz podczas korzystania z niej. U\u017cytkownik zobowi\u0105zany jest do aktualizowania danych w przypadku, gdy ulegn\u0105 one zmianie.<ul><li>U\u017cytkownik zobowi\u0105zuje si\u0119 do korzystania z us\u0142ugi Newslettera zgodnie z prawem oraz zasadami okre\u015blonymi w niniejszym regulaminie. Zabronione jest dostarczanie przez U\u017cytkownika tre\u015bci bezprawnych, naruszaj\u0105cych prawo lub dobre obyczaje.<\/li><\/ul><ul><li>U\u017cytkownik zobowi\u0105zuje si\u0119 nie podejmowa\u0107 \u017cadnych czynno\u015bci, kt\u00f3re w jakikolwiek spos\u00f3b zak\u0142\u00f3ca\u0142yby funkcjonowanie us\u0142ugi Newslettera, Strony Internetowej lub jej element\u00f3w, w tym w szczeg\u00f3lno\u015bci zobowi\u0105zuje si\u0119 powstrzyma\u0107 od jakiegokolwiek ingerowania w zawarto\u015b\u0107 Strony Internetowej lub jej element\u00f3w technicznych.<\/li><\/ul><ul><li>Administrator jest upowa\u017cniony do wprowadzania dowolnych zmian w us\u0142udze Newslettera, jak r\u00f3wnie\u017c do zaprzestania, trwale lub okresowo, \u015bwiadczenia us\u0142ugi bez podania przyczyny.<\/li><\/ul>\n<ul class=\"wp-block-list\">\n<li>Newsletter jest obj\u0119ty prawami autorskimi lub innymi prawami przys\u0142uguj\u0105cymi Administratorowi lub innym osobom.<\/li>\n<\/ul>\n<\/li>\n<\/ul>\n\n\n\n<h2 class=\"wp-block-heading\">4.&nbsp;&nbsp;&nbsp;&nbsp;&nbsp;&nbsp;&nbsp;&nbsp; Reklamacje<\/h2>\n\n\n\n<ul class=\"wp-block-list\">\n<li>Reklamacje dotycz\u0105ce us\u0142ugi Newslettera mog\u0105 by\u0107 sk\u0142adane przez U\u017cytkownika na przyk\u0142ad:<ul><li>pisemnie na adres Administratora: Ma\u0142gorzata Sarnowska siedzib\u0105 w Kie\u0142pinie przy ul. Cienistej 48c, 05-092 Kie\u0142pin;<\/li><\/ul>\n<ul class=\"wp-block-list\">\n<li>za po\u015brednictwem poczty elektronicznej na adres: <a href=\"mailto:oknalomianki@wp.pl.\">oknalomianki@wp.pl.<\/a><\/li>\n<\/ul>\n<\/li>\n<\/ul>\n\n\n\n<ul class=\"wp-block-list\">\n<li>Zaleca si\u0119, aby reklamacja zawiera\u0142a opis reklamacji, \u017c\u0105danie U\u017cytkownika oraz dane U\u017cytkownika. Wymogi podane w zdaniu poprzednim maj\u0105 form\u0119 zalecenia i nie wp\u0142ywaj\u0105 na skuteczno\u015b\u0107 reklamacji z\u0142o\u017conych z pomini\u0119ciem zalecanego opisu reklamacji.\n<ul class=\"wp-block-list\">\n<li>Administrator w terminie 14 dni od dnia otrzymania od U\u017cytkownika reklamacji ustosunkuje si\u0119 do reklamacji oraz powiadomi U\u017cytkownika o sposobie dalszego post\u0119powania.<\/li>\n<\/ul>\n<\/li>\n<\/ul>\n\n\n\n<h2 class=\"wp-block-heading\">5.&nbsp;&nbsp;&nbsp;&nbsp;&nbsp;&nbsp;&nbsp;&nbsp; Dane osobowe<\/h2>\n\n\n\n<ul class=\"wp-block-list\">\n<li>Dane osobowe podawane przez U\u017cytkownik\u00f3w w ramach zapisywania si\u0119 i korzystania z us\u0142ugi Newslettera przetwarzane s\u0105 przez Administratora.<ul><li>Podanie danych osobowych przez U\u017cytkownika jest dobrowolne, jednak\u017ce niezb\u0119dne do \u015bwiadczenia przez Administratora us\u0142ugi Newslettera. Niepodanie danych spowoduje, \u017ce us\u0142uga Newslettera nie b\u0119dzie mog\u0142a by\u0107 \u015bwiadczona.<\/li><\/ul><ul><li>U\u017cytkownik ma prawo dost\u0119pu do swoich danych osobowych oraz do ich poprawiania i usuni\u0119cia, zgodnie z obowi\u0105zuj\u0105cymi przepisami prawa.<\/li><\/ul><ul><li>Szczeg\u00f3\u0142owe postanowienia dotycz\u0105ce ochrony danych osobowych U\u017cytkownika znajduj\u0105 si\u0119 w Polityce Prywatno\u015bci.<\/li><\/ul>\n<ul class=\"wp-block-list\">\n<li>Dane osobowe mog\u0105 by\u0107 przekazywane podmiotowi, z kt\u00f3rego us\u0142ug Administrator korzysta przy wysy\u0142ce Newslettera.<\/li>\n<\/ul>\n<\/li>\n<\/ul>\n\n\n\n<h2 class=\"wp-block-heading\">6.&nbsp;&nbsp;&nbsp;&nbsp;&nbsp;&nbsp;&nbsp;&nbsp; Rezygnacja z Newslettera<\/h2>\n\n\n\n<ul class=\"wp-block-list\">\n<li>U\u017cytkownik mo\u017ce w ka\u017cdej chwili i bez podania przyczyny zrezygnowa\u0107 z us\u0142ugi Newslettera. \u017b\u0105danie takie powinno zosta\u0107 zg\u0142oszone Administratorowi np. za po\u015brednictwem poczty elektronicznej na adres:<\/li>\n<\/ul>\n\n\n\n<p>oknalomianki@wp.pl lub pisemnie na adres: : Ma\u0142gorzata Sarnowska siedzib\u0105 w Kie\u0142pinie przy ul. Cienistej 48c, 05-092 Kie\u0142pin. Wz\u00f3r o\u015bwiadczenia o rezygnacji z us\u0142ugi Newslettera stanowi za\u0142\u0105cznik do niniejszego regulaminu \u2013 przy czym pos\u0142ugiwanie si\u0119 nim nie jest konieczne.<\/p>\n\n\n\n<ul class=\"wp-block-list\">\n<li>Ponadto, U\u017cytkownik mo\u017ce w ka\u017cdej chwili i bez podania przyczyny zrezygnowa\u0107 z us\u0142ugi Newslettera klikaj\u0105c na link \u201eNewsletter\u201d umieszczony w stopce ka\u017cdego Newslettera, wpisuj\u0105c w odpowiednim polu sw\u00f3j adres<\/li>\n<\/ul>\n\n\n\n<p>e-mail, a nast\u0119pnie wybieraj\u0105c przycisk \u201ewypisz si\u0119\u201d.<\/p>\n\n\n\n<ul class=\"wp-block-list\">\n<li>Administrator zastrzega sobie prawo do zaprzestania \u015bwiadczenia us\u0142ugi Newslettera w ka\u017cdym czasie. O zaprzestaniu \u015bwiadczenia us\u0142ugi Newslettera Administrator poinformuje U\u017cytkownika na adres poczty elektronicznej podany w ramach procedury zapisywanie si\u0119 na Newsletter.<\/li>\n<\/ul>\n\n\n\n<h2 class=\"wp-block-heading\">7.&nbsp;&nbsp;&nbsp;&nbsp;&nbsp;&nbsp;&nbsp;&nbsp; Zmiany niniejszego regulaminu<\/h2>\n\n\n\n<ul class=\"wp-block-list\">\n<li>Administrator zastrzega sobie prawo do zmiany niniejszego regulaminu z wa\u017cnej przyczyny, w szczeg\u00f3lno\u015bci w przypadku:<\/li>\n<\/ul>\n\n\n\n<ul class=\"wp-block-list\">\n<li>konieczno\u015bci dostosowania regulaminu do przepis\u00f3w prawa lub decyzji i orzecze\u0144 s\u0105d\u00f3w lub organ\u00f3w w\u0142adzy publicznej;<ul><li>zmiany funkcjonalno\u015bci us\u0142ugi Newslettera lub Strony Internetowej;<\/li><\/ul><ul><li>zmiany danych, w tym nazw, adres\u00f3w, numer\u00f3w identyfikacyjnych, zamieszczonych w regulaminie;<\/li><\/ul><ul><li>poprawy obs\u0142ugi U\u017cytkownik\u00f3w.<\/li><\/ul><ul><li>O zmianie regulaminu U\u017cytkownik zostanie poinformowany poprzez przes\u0142anie na adres e-mail U\u017cytkownika powiadomienia o zmianie regulaminu (wraz z linkiem do zmienionego regulaminu).<\/li><\/ul><ul><li>Przed dat\u0105 wej\u015bcia w \u017cycie zmienionego regulaminu U\u017cytkownik mo\u017ce o\u015bwiadczy\u0107 Administratorowi, \u017ce nie akceptuje zmienionego regulaminu. O\u015bwiadczenie o braku zgody na zmian\u0119 regulaminu jest r\u00f3wnoznaczny z rezygnacj\u0105 przez U\u017cytkownika z us\u0142ugi Newslettera.<\/li><\/ul>\n<ul class=\"wp-block-list\">\n<li>W przypadku, gdy U\u017cytkownik nie z\u0142o\u017cy o\u015bwiadczenia, o kt\u00f3rym mowa w punkcie 7.3 powy\u017cej ani nie zrezygnuje z us\u0142ugi Newslettera przed wej\u015bciem w \u017cycie zmienionego regulaminu, zmieniony regulamin jest dla niego wi\u0105\u017c\u0105cy.<\/li>\n<\/ul>\n<\/li>\n<\/ul>\n\n\n\n<h2 class=\"wp-block-heading\">8.&nbsp;&nbsp;&nbsp;&nbsp;&nbsp;&nbsp;&nbsp;&nbsp; Prawo w\u0142a\u015bciwe i rozwi\u0105zywanie spor\u00f3w<\/h2>\n\n\n\n<ul class=\"wp-block-list\">\n<li>Prawem w\u0142a\u015bciwym dla zawieranej pomi\u0119dzy Administratorem a U\u017cytkownikiem na warunkach okre\u015blonych w niniejszym regulaminie umowy o \u015bwiadczenie us\u0142ugi Newslettera jest prawo polskie.<ul><li>Wszelkie spory zwi\u0105zane z zawarciem lub wykonaniem umowy na \u015bwiadczenie us\u0142ugi Newslettera b\u0119d\u0105 rozstrzygane przez w\u0142a\u015bciwe s\u0105dy powszechne w Polsce.<\/li><\/ul>\n<ul class=\"wp-block-list\">\n<li>U\u017cytkownik b\u0119d\u0105cy konsumentem ma mo\u017cliwo\u015b\u0107 skorzystania z pozas\u0105dowego sposobu rozpatrywania reklamacji i dochodzenia roszcze\u0144 \u2013 informacje o zasadach dost\u0119pu do procedur rozstrzygania spor\u00f3w znajduj\u0105 si\u0119 pod nast\u0119puj\u0105cym adresem: <a href=\"http:\/\/www.uokik.gov.pl,\">http:\/\/www.uokik.gov.pl,<\/a> w zak\u0142adce<\/li>\n<\/ul>\n<\/li>\n<\/ul>\n\n\n\n<p>\u201ePolubowne rozwi\u0105zywanie spor\u00f3w konsumenckich\u201d. Konsument ma tak\u017ce prawo skorzystania z unijnej platformy internetowej ODR, s\u0142u\u017c\u0105cej do internetowego rozstrzygania spor\u00f3w, dost\u0119pnej pod adresem: <a href=\"http:\/\/ec.europa.eu\/consumers\/odr\/\">http:\/\/ec.europa.eu\/consumers\/odr\/.<\/a><\/p>\n\n\n\n<h2 class=\"wp-block-heading\">9.&nbsp;&nbsp;&nbsp;&nbsp;&nbsp;&nbsp;&nbsp;&nbsp; Postanowienia ko\u0144cowe<\/h2>\n\n\n\n<ul class=\"wp-block-list\">\n<li>W sprawach nieuregulowanych w niniejszym regulaminie maj\u0105 zastosowanie powszechnie obowi\u0105zuj\u0105ce przepisy prawa polskiego, w szczeg\u00f3lno\u015bci: ustawy z dnia 23 kwietnia 1964 roku Kodeks Cywilny (Dz. U. z 2017 roku, poz. 459, tekst jednolity), ustawy z dnia 30 maja 2014 roku o prawach konsumenta (Dz. U. z 2017 roku, poz. 683, tekst jednolity) i ustaw\u0105 z dnia 18 lipca 2002 roku o \u015bwiadczeniu us\u0142ug drog\u0105 elektroniczn\u0105 (Dz. U. z 2017 roku, poz. 1219, tekst jednolity).<\/li>\n<\/ul>\n","protected":false},"excerpt":{"rendered":"<p>REGULAMIN NEWSLETTERA 1.&nbsp;&nbsp;&nbsp;&nbsp;&nbsp;&nbsp;&nbsp;&nbsp; Postanowienia wst\u0119pne \u201eNewsletter\u201d). \u201eAdministrator\u201d). 2.&nbsp;&nbsp;&nbsp;&nbsp;&nbsp;&nbsp;&nbsp;&nbsp; Rejestracja Newslettera. Niewyra\u017cenie zgody spowoduje, \u017ce us\u0142uga Newslettera nie b\u0119dzie mog\u0142a by\u0107 \u015bwiadczona. e-mailingowej. Adres poczty elektronicznej U\u017cytkownika b\u0119dzie wykorzystywany w celu wysy\u0142ania U\u017cytkownikowi Newsletter\u00f3w. 3.&nbsp;&nbsp;&nbsp;&nbsp;&nbsp;&nbsp;&nbsp;&nbsp; Korzystanie z us\u0142ugi Newslettera 4.&nbsp;&nbsp;&nbsp;&nbsp;&nbsp;&nbsp;&nbsp;&nbsp; Reklamacje 5.&nbsp;&nbsp;&nbsp;&nbsp;&nbsp;&nbsp;&nbsp;&nbsp; Dane osobowe 6.&nbsp;&nbsp;&nbsp;&nbsp;&nbsp;&nbsp;&nbsp;&nbsp; Rezygnacja z Newslettera oknalomianki@wp.pl lub pisemnie na adres: : Ma\u0142gorzata Sarnowska&hellip; <a class=\"more-link\" href=\"https:\/\/nowoczesneokna.info\/index.php\/regulamin\/\">Czytaj dalej <span class=\"screen-reader-text\">Regulamin<\/span><\/a><\/p>\n","protected":false},"author":1,"featured_media":0,"parent":0,"menu_order":0,"comment_status":"closed","ping_status":"open","template":"","meta":{"footnotes":""},"class_list":["post-14","page","type-page","status-publish","hentry","entry"],"_links":{"self":[{"href":"https:\/\/nowoczesneokna.info\/index.php\/wp-json\/wp\/v2\/pages\/14","targetHints":{"allow":["GET"]}}],"collection":[{"href":"https:\/\/nowoczesneokna.info\/index.php\/wp-json\/wp\/v2\/pages"}],"about":[{"href":"https:\/\/nowoczesneokna.info\/index.php\/wp-json\/wp\/v2\/types\/page"}],"author":[{"embeddable":true,"href":"https:\/\/nowoczesneokna.info\/index.php\/wp-json\/wp\/v2\/users\/1"}],"replies":[{"embeddable":true,"href":"https:\/\/nowoczesneokna.info\/index.php\/wp-json\/wp\/v2\/comments?post=14"}],"version-history":[{"count":3,"href":"https:\/\/nowoczesneokna.info\/index.php\/wp-json\/wp\/v2\/pages\/14\/revisions"}],"predecessor-version":[{"id":32,"href":"https:\/\/nowoczesneokna.info\/index.php\/wp-json\/wp\/v2\/pages\/14\/revisions\/32"}],"wp:attachment":[{"href":"https:\/\/nowoczesneokna.info\/index.php\/wp-json\/wp\/v2\/media?parent=14"}],"curies":[{"name":"wp","href":"https:\/\/api.w.org\/{rel}","templated":true}]}}